{"id":180,"date":"2017-10-11T15:26:58","date_gmt":"2017-10-11T13:26:58","guid":{"rendered":"http:\/\/cr3.it\/cippato\/?page_id=180"},"modified":"2021-12-22T10:23:59","modified_gmt":"2021-12-22T09:23:59","slug":"certificazione","status":"publish","type":"page","link":"https:\/\/cr3.it\/cippato\/certificazione\/","title":{"rendered":"Certificazione"},"content":{"rendered":"<section class=\"l-section wpb_row height_medium\"><div class=\"l-section-h i-cf\"><div class=\"g-cols vc_row via_grid cols_2 laptops-cols_inherit tablets-cols_inherit mobiles-cols_1 valign_top type_default stacking_default\"><div class=\"wpb_column vc_column_container us_custom_f597073d us_animate_this has_bg_color\"><div class=\"vc_column-inner\"><div class=\"wpb_text_column\"><div class=\"wpb_wrapper\"><h1>Certificazione PEFC<\/h1>\n<h2>Certifica e comunica<br \/>\nla <span class=\"verde\">gestione responsabile<\/span><br \/>\ndelle tue risorse forestali.<\/h2>\n<\/div><\/div><div class=\"ult-spacer spacer-6a007483901a0\" data-id=\"6a007483901a0\" data-height=\"40\" data-height-mobile=\"40\" data-height-tab=\"40\" data-height-tab-portrait=\"40\" data-height-mobile-landscape=\"40\" style=\"clear:both;display:block;\"><\/div><div class=\"ult-spacer spacer-6a007483901bc\" data-id=\"6a007483901bc\" data-height=\"40\" data-height-mobile=\"40\" data-height-tab=\"40\" data-height-tab-portrait=\"40\" data-height-mobile-landscape=\"40\" style=\"clear:both;display:block;\"><\/div><div class=\"wpb_text_column\"><div class=\"wpb_wrapper\"><h6>Basato su accordi intergovernativi e processi riconosciuti a livello internazionale.<\/h6>\n<h6>Un livello di coinvolgimento dei portatori di interesse equamente elevato per tutti gli standard.<\/h6>\n<h6>Sostiene i pi\u00f9 alti standard di gestione forestale sostenibile senza eccezioni.<\/h6>\n<\/div><\/div><\/div><\/div><div class=\"wpb_column vc_column_container\"><div class=\"vc_column-inner\"><div class=\"wpb_text_column giustifica\"><div class=\"wpb_wrapper\"><p><img loading=\"lazy\" decoding=\"async\" class=\"alignleft size-full wp-image-433\" src=\"https:\/\/cr3.it\/cippato\/wp-content\/uploads\/2018\/11\/image003.png\" alt=\"\" width=\"106\" height=\"181\" \/>Per &#8220;certificazione della gestione forestale&#8221; si intende una\u00a0<strong>procedura di verifica riconosciuta e collaudata<\/strong>\u00a0che conduca all&#8217;emissione, da parte di un organismo\u00a0indipendente, di un certificato che attesta che le\u00a0forme di gestione boschiva <strong>rispondono a determinati requisiti di &#8220;sostenibilit\u00e0&#8221;.<\/strong> Un problema fondamentale nell\u2019applicazione dei sistemi di ecocertificazione consiste proprio nella definizione dei\u00a0criteri e degli indicatori della &#8220;gestione forestale sostenibile&#8221;\u00a0(GFS), ovvero di parametri quantitativi e qualitativi (descrittivi) che, quando periodicamente misurati o osservati, permettano di valutare le performance ambientali e la sostenibilit\u00e0 dei sistemi di gestione forestale.<\/p>\n<p>I criteri e gli indicatori proposti dal Programma per il riconoscimento di schemi nazionali di Certificazione Forestale (PEFC) prendono spunto dalle difficolt\u00e0 emerse nell&#8217;individuare uno strumento idoneo a rispondere in modo soddisfacente alle peculiari situazioni del contesto europeo e dall&#8217;esigenza dei proprietari privati di disporre di uno strumento flessibile e rispondente alla necessit\u00e0 di attuare una\u00a0<strong>gestione ecologicamente appropriata, ma anche mirata al conseguimento di benefici sociali ed economicamente valida<\/strong>. Il PEFC si pone, pertanto, come alternativa ai sistemi di certificazione esistenti, primo fra tutti quello del Forest Stewardship Council (FSC), ritenuto inadeguato soprattutto nel caso di propriet\u00e0 forestali di piccole dimensioni.<\/p>\n<\/div><\/div><div class=\"wpb_text_column giustifica\"><div class=\"wpb_wrapper\"><h4>Lo schema di certificazione forestale PEFC in Europa<br \/>\n\u00e8 fondato su tre principi fondamentali:<\/h4>\n<ul>\n<li>Il rispetto dei Criteri e degli Indicatori definiti nelle Conferenze Ministeriali per la protezione delle foreste in Europa\u00a0(Helsinki 1993, Lisbona 1998) che hanno dato avvio al cosiddetto &#8220;Processo pan-europeo\u201d;<\/li>\n<li>L&#8217;applicazione a livello regionale o di gruppo\u00a0(anche se \u00e8 parimenti possibile un&#8217;adesione individuale);<\/li>\n<li>Le verifiche ispettive e la certificazione affidate ad una terza parte indipendente ed accreditata.<\/li>\n<\/ul>\n<\/div><\/div><div class=\"w-separator size_small with_line width_default thick_1 style_solid color_primary align_center\"><div class=\"w-separator-h\"><\/div><\/div><div class=\"wpb_text_column\"><div class=\"wpb_wrapper\"><h4>CERTIFICAZIONE Biomass Plus<\/h4>\n<p><img loading=\"lazy\" decoding=\"async\" class=\"alignleft size-full wp-image-435\" src=\"https:\/\/cr3.it\/cippato\/wp-content\/uploads\/2018\/11\/image011.jpg\" alt=\"\" width=\"138\" height=\"128\" \/>Abbiamo scelto di aderire alla certificazione Biomass Plus perch\u00e8 volevamo garantire ai nostri clienti un prodotto di qualit\u00e0 superiore e la cui provenienza fosse sicura. Si tratta infatti di una certificazione volontaria ideata da AIEL ed ENAMA che supera anche quanto previsto dalle normative europee.<\/p>\n<p>I prodotti a marchio Biomassplus sono garantiti lungo tutta la filiera produttiva per quanto riguarda:<\/p>\n<p>LEGALIT\u00c0 E TRACCIABILIT\u00c0: il legno di partenza ha origine legale ed \u00e8 possibile rintracciarne tutte le fasi del processo produttivo;<\/p>\n<p>SOSTENIBILIT\u00c0 AMBIENTALE: il ciclo produttivo del biocombustibile immesso sul mercato genera un risparmio di emissioni di CO2 equivalente pari almeno al 70% rispetto al gas naturale, a parit\u00e0 di energia producibile;<\/p>\n<p>QUALIT\u00c0: la qualit\u00e0 del prodotto e del processo produttivo \u00e8 controllata periodicamente dall\u2019organismo di certificazione.<\/p>\n<p>Biomassplus \u00e8 ideato da AIEL, che \u00e8 il soggetto proprietario dell\u2019omonimo marchio, e da ENAMA, che \u00e8 l\u2019organismo di certificazione accreditato e indipendente che provvede all\u2019ispezione e al rilascio della certificazione secondo quanto previsto dal Manuale Biomassplus.<\/p>\n<\/div><\/div><\/div><\/div><\/div><\/div><\/section><section class=\"l-section wpb_row height_medium\"><div class=\"l-section-h i-cf\"><div class=\"g-cols vc_row via_grid cols_1 laptops-cols_inherit tablets-cols_inherit mobiles-cols_1 valign_top type_default stacking_default\"><div class=\"wpb_column vc_column_container\"><div class=\"vc_column-inner\"><div class=\"w-video align_none ratio_16x9 has_iframe\"><div class=\"w-video-h\"><iframe title=\"Youtube video player\" src=\"\/\/www.youtube.com\/embed\/cknWmsrInqM?origin=https:\/\/cr3.it\/cippato&controls=1\" allowfullscreen=\"1\" loading=\"lazy\"><\/iframe><\/div><div class=\"w-video-icon\" style=\"font-size:1.5rem;background:rgba(0,0,0,0.5);color:#fff\"><\/div><\/div><\/div><\/div><\/div><\/div><\/section>\n","protected":false},"excerpt":{"rendered":"Certificazione PEFC Certifica e comunica la gestione responsabile delle tue risorse forestali. Basato su accordi intergovernativi e processi riconosciuti a livello internazionale. Un livello di coinvolgimento dei portatori di interesse equamente elevato per tutti gli standard. Sostiene i pi\u00f9 alti standard di gestione forestale sostenibile senza eccezioni. Per &#8220;certificazione della gestione forestale&#8221; si intende una\u00a0procedura...","protected":false},"author":1,"featured_media":0,"parent":0,"menu_order":0,"comment_status":"closed","ping_status":"closed","template":"","meta":{"inline_featured_image":false,"footnotes":""},"_links":{"self":[{"href":"https:\/\/cr3.it\/cippato\/wp-json\/wp\/v2\/pages\/180"}],"collection":[{"href":"https:\/\/cr3.it\/cippato\/wp-json\/wp\/v2\/pages"}],"about":[{"href":"https:\/\/cr3.it\/cippato\/wp-json\/wp\/v2\/types\/page"}],"author":[{"embeddable":true,"href":"https:\/\/cr3.it\/cippato\/wp-json\/wp\/v2\/users\/1"}],"replies":[{"embeddable":true,"href":"https:\/\/cr3.it\/cippato\/wp-json\/wp\/v2\/comments?post=180"}],"version-history":[{"count":34,"href":"https:\/\/cr3.it\/cippato\/wp-json\/wp\/v2\/pages\/180\/revisions"}],"predecessor-version":[{"id":468,"href":"https:\/\/cr3.it\/cippato\/wp-json\/wp\/v2\/pages\/180\/revisions\/468"}],"wp:attachment":[{"href":"https:\/\/cr3.it\/cippato\/wp-json\/wp\/v2\/media?parent=180"}],"curies":[{"name":"wp","href":"https:\/\/api.w.org\/{rel}","templated":true}]}}