{"id":185,"date":"2017-10-11T15:28:36","date_gmt":"2017-10-11T13:28:36","guid":{"rendered":"http:\/\/cr3.it\/cippato\/?page_id=185"},"modified":"2021-12-22T10:24:32","modified_gmt":"2021-12-22T09:24:32","slug":"prodotti","status":"publish","type":"page","link":"https:\/\/cr3.it\/cippato\/prodotti\/","title":{"rendered":"Produzione"},"content":{"rendered":"<section class=\"l-section wpb_row height_medium\"><div class=\"l-section-h i-cf\"><div class=\"g-cols vc_row via_grid cols_2 laptops-cols_inherit tablets-cols_inherit mobiles-cols_1 valign_top type_default stacking_default\"><div class=\"wpb_column vc_column_container us_custom_f597073d us_animate_this has_bg_color\"><div class=\"vc_column-inner\"><div class=\"wpb_text_column\"><div class=\"wpb_wrapper\"><h1>Produzione<\/h1>\n<h2>La nostra azienda <span class=\"verde\">produce e fornisce Cippato <\/span>di legno, Segatura e legna da ardere.<\/h2>\n<h2>Tutti prodotti di prima lavorazione, top della gamma e a basso contenuto idrico.<\/h2>\n<\/div><\/div><div class=\"ult-spacer spacer-6a007456d7141\" data-id=\"6a007456d7141\" data-height=\"40\" data-height-mobile=\"20\" data-height-tab=\"20\" data-height-tab-portrait=\"20\" data-height-mobile-landscape=\"20\" style=\"clear:both;display:block;\"><\/div><div class=\"wpb_text_column\"><div class=\"wpb_wrapper\"><h5>Classe A1 Top di Classe<\/h5>\n<p>Cippato vagliato, essiccato.<br \/>\nPercentuale di umidit\u00e0 non superiore al 25%<\/p>\n<h5>Classe A2<\/h5>\n<p>Cippato di ottima resa, vagliato.<br \/>\nPercentuale di umidit\u00e0 non superiore al 35%<\/p>\n<\/div><\/div><\/div><\/div><div class=\"wpb_column vc_column_container\"><div class=\"vc_column-inner\"><div class=\"wpb_text_column giustifica\"><div class=\"wpb_wrapper\"><h4>Cippato da residui di legno non trattato<\/h4>\n<p>Biocombustibile prodotto da residui di legno non trattato. Il materiale viene scaricato presso la nostra azienda, sottoposto ad operazioni di cernita e selezione e diviso per tipologia. Si passa alle fasi di triturazione ed eventuale vagliatura. Si ottiene un biocombustibile legnoso ad alta efficienza energetica rapporto qualit\u00e0\/prezzo.<\/p>\n<h4>Cippato da lavorazione di residui forestali<\/h4>\n<p>Con il termine residui forestali si intendono le cime di alberi, i rami che si accumulano nella raccolta di legname e le radici che risultano dalle operazioni di pulizia. A seconda del materiale, della logistica e delle necessit\u00e0 del cliente, i residui forestali sono processati dal nostro trituratore AZ55.<\/p>\n<h4>Cippato di legno classe A1 e A2<\/h4>\n<p>Tronchi e legna di prima lavorazione vengono trasformati in cippato di legno di alta qualit\u00e0 dal nostro cippatore HEM 561. Importante \u00e8 la successiva fase di essiccazione nel nostro impianto di essiccazione e successivamente vagliato cos\u00ec da garantire il top della gamma.<\/p>\n<h4>Segatura di prima lavorazione<\/h4>\n<p>CR3 fornisce esclusivamente segatura di legno vergine, ad alto potere assorbente, accuratamente selezionata e totalmente priva di sostanze tossiche e impurit\u00e0. Periodiche analisi chimiche attestano la qualit\u00e0 del prodotto. Su richiesta vengono posizionati containers scarrabili a noleggio per poter preservare il prodotto al meglio. Il cliente pu\u00f2 prelevare la segatura direttamente dal container messo a disposizione. Tali containers, a norma di legge, possono essere a cielo aperto o chiusi.<\/p>\n<h4>Legna da ardere<\/h4>\n<p>CR3 fornisce legna da ardere sfusa oppure su bancale in merito alle esigenze del cliente. Idonea per caminetti e stufe a legna.<\/p>\n<\/div><\/div><div class=\"ult-spacer spacer-6a007456d7a85\" data-id=\"6a007456d7a85\" data-height=\"50\" data-height-mobile=\"20\" data-height-tab=\"20\" data-height-tab-portrait=\"20\" data-height-mobile-landscape=\"20\" style=\"clear:both;display:block;\"><\/div><\/div><\/div><\/div><\/div><\/section><section class=\"l-section wpb_row height_medium color_alternate\"><div class=\"l-section-h i-cf\"><div class=\"g-cols vc_row via_grid cols_2-1 laptops-cols_inherit tablets-cols_inherit mobiles-cols_1 valign_middle type_default stacking_default\"><div class=\"wpb_column vc_column_container\"><div class=\"vc_column-inner\"><div class=\"w-video align_none ratio_16x9 has_iframe\"><div class=\"w-video-h\"><iframe title=\"Youtube video player\" src=\"\/\/www.youtube.com\/embed\/qiRs5Qt-y5I?origin=https:\/\/cr3.it\/cippato&controls=1\" allowfullscreen=\"1\" loading=\"lazy\"><\/iframe><\/div><div class=\"w-video-icon\" style=\"font-size:1.5rem;background:rgba(0,0,0,0.5);color:#fff\"><\/div><\/div><\/div><\/div><div class=\"wpb_column vc_column_container\"><div class=\"vc_column-inner\"><div class=\"w-grid type_grid layout_gallery_default cols_2\" id=\"us_grid_1\" style=\"--gap:4px;\" data-filterable=\"true\"><style>.layout_gallery_default .w-grid-item-h{}<\/style><div class=\"w-grid-list\">\t<article class=\"w-grid-item size_1x1 post-280 attachment type-attachment status-inherit hentry\" data-id=\"280\">\r\n\t\t<div class=\"w-grid-item-h\">\r\n\t\t\t\t\t\t\t<a ref=\"magnificPopupGrid\" href=\"https:\/\/cr3.it\/cippato\/wp-content\/uploads\/2017\/10\/12pirovano.jpg\" class=\"w-grid-item-anchor\" aria-label=\"12pirovano\" title=\"12pirovano\"><\/a>\r\n\t\t\t\t\t\t<div class=\"w-post-elm post_image usg_post_image_1 stretched\"><img loading=\"lazy\" decoding=\"async\" width=\"500\" height=\"505\" src=\"https:\/\/cr3.it\/cippato\/wp-content\/uploads\/2017\/10\/12pirovano.jpg\" class=\"attachment-us_600_600_crop size-us_600_600_crop\" alt=\"\" srcset=\"https:\/\/cr3.it\/cippato\/wp-content\/uploads\/2017\/10\/12pirovano.jpg 500w, https:\/\/cr3.it\/cippato\/wp-content\/uploads\/2017\/10\/12pirovano-297x300.jpg 297w\" sizes=\"(max-width: 500px) 100vw, 500px\" \/><\/div>\t\t<\/div>\r\n\t<\/article>\r\n\t<article class=\"w-grid-item size_1x1 post-281 attachment type-attachment status-inherit hentry\" data-id=\"281\">\r\n\t\t<div class=\"w-grid-item-h\">\r\n\t\t\t\t\t\t\t<a ref=\"magnificPopupGrid\" href=\"https:\/\/cr3.it\/cippato\/wp-content\/uploads\/2017\/10\/13pirovano.jpg\" class=\"w-grid-item-anchor\" aria-label=\"13pirovano\" title=\"13pirovano\"><\/a>\r\n\t\t\t\t\t\t<div class=\"w-post-elm post_image usg_post_image_1 stretched\"><img loading=\"lazy\" decoding=\"async\" width=\"500\" height=\"507\" src=\"https:\/\/cr3.it\/cippato\/wp-content\/uploads\/2017\/10\/13pirovano.jpg\" class=\"attachment-us_600_600_crop size-us_600_600_crop\" alt=\"\" srcset=\"https:\/\/cr3.it\/cippato\/wp-content\/uploads\/2017\/10\/13pirovano.jpg 500w, https:\/\/cr3.it\/cippato\/wp-content\/uploads\/2017\/10\/13pirovano-296x300.jpg 296w\" sizes=\"(max-width: 500px) 100vw, 500px\" \/><\/div>\t\t<\/div>\r\n\t<\/article>\r\n\t<article class=\"w-grid-item size_1x1 post-274 attachment type-attachment status-inherit hentry\" data-id=\"274\">\r\n\t\t<div class=\"w-grid-item-h\">\r\n\t\t\t\t\t\t\t<a ref=\"magnificPopupGrid\" href=\"https:\/\/cr3.it\/cippato\/wp-content\/uploads\/2017\/10\/06pirovano.jpg\" class=\"w-grid-item-anchor\" aria-label=\"06pirovano\" title=\"06pirovano\"><\/a>\r\n\t\t\t\t\t\t<div class=\"w-post-elm post_image usg_post_image_1 stretched\"><img loading=\"lazy\" decoding=\"async\" width=\"500\" height=\"508\" src=\"https:\/\/cr3.it\/cippato\/wp-content\/uploads\/2017\/10\/06pirovano.jpg\" class=\"attachment-us_600_600_crop size-us_600_600_crop\" alt=\"\" srcset=\"https:\/\/cr3.it\/cippato\/wp-content\/uploads\/2017\/10\/06pirovano.jpg 500w, https:\/\/cr3.it\/cippato\/wp-content\/uploads\/2017\/10\/06pirovano-295x300.jpg 295w\" sizes=\"(max-width: 500px) 100vw, 500px\" \/><\/div>\t\t<\/div>\r\n\t<\/article>\r\n\t<article class=\"w-grid-item size_1x1 post-410 attachment type-attachment status-inherit hentry\" data-id=\"410\">\r\n\t\t<div class=\"w-grid-item-h\">\r\n\t\t\t\t\t\t\t<a ref=\"magnificPopupGrid\" href=\"https:\/\/cr3.it\/cippato\/wp-content\/uploads\/2017\/10\/IMG_1972-1.jpg\" class=\"w-grid-item-anchor\" aria-label=\"IMG_1972\" title=\"IMG_1972\"><\/a>\r\n\t\t\t\t\t\t<div class=\"w-post-elm post_image usg_post_image_1 stretched\"><img loading=\"lazy\" decoding=\"async\" width=\"600\" height=\"600\" src=\"https:\/\/cr3.it\/cippato\/wp-content\/uploads\/2017\/10\/IMG_1972-1-600x600.jpg\" class=\"attachment-us_600_600_crop size-us_600_600_crop\" alt=\"\" srcset=\"https:\/\/cr3.it\/cippato\/wp-content\/uploads\/2017\/10\/IMG_1972-1-600x600.jpg 600w, https:\/\/cr3.it\/cippato\/wp-content\/uploads\/2017\/10\/IMG_1972-1-150x150.jpg 150w, https:\/\/cr3.it\/cippato\/wp-content\/uploads\/2017\/10\/IMG_1972-1-350x350.jpg 350w\" sizes=\"(max-width: 600px) 100vw, 600px\" \/><\/div>\t\t<\/div>\r\n\t<\/article>\r\n<\/div><div class=\"w-grid-preloader\">\t<div class=\"g-preloader type_2\">\r\n\t\t<div><\/div>\r\n\t<\/div>\r\n\t<\/div>\t<div class=\"w-grid-json hidden\" onclick='return {&quot;action&quot;:&quot;us_ajax_grid&quot;,&quot;ajax_url&quot;:&quot;https:\\\/\\\/cr3.it\\\/cippato\\\/wp-admin\\\/admin-ajax.php&quot;,&quot;infinite_scroll&quot;:0,&quot;max_num_pages&quot;:1,&quot;pagination&quot;:&quot;none&quot;,&quot;template_vars&quot;:{&quot;columns&quot;:&quot;2&quot;,&quot;exclude_items&quot;:&quot;none&quot;,&quot;img_size&quot;:&quot;us_600_600_crop&quot;,&quot;ignore_items_size&quot;:0,&quot;items_layout&quot;:&quot;gallery_default&quot;,&quot;items_offset&quot;:&quot;1&quot;,&quot;load_animation&quot;:&quot;none&quot;,&quot;overriding_link&quot;:&quot;%7B%22type%22%3A%22popup_image%22%7D&quot;,&quot;post_id&quot;:0,&quot;query_args&quot;:{&quot;post_type&quot;:[&quot;attachment&quot;],&quot;post__in&quot;:[&quot;280&quot;,&quot;281&quot;,&quot;274&quot;,&quot;410&quot;],&quot;post_status&quot;:&quot;inherit&quot;,&quot;post_mime_type&quot;:&quot;image&quot;,&quot;posts_per_page&quot;:999},&quot;orderby_query_args&quot;:{&quot;orderby&quot;:{&quot;post__in&quot;:&quot;ASC&quot;},&quot;order&quot;:&quot;ASC&quot;},&quot;type&quot;:&quot;grid&quot;,&quot;us_grid_ajax_index&quot;:1,&quot;us_grid_filter_params&quot;:[],&quot;us_grid_index&quot;:1,&quot;_us_grid_post_type&quot;:&quot;attachment&quot;,&quot;page_args&quot;:[]}}'><\/div>\r\n\t<\/div><\/div><\/div><\/div><\/div><\/section>\n","protected":false},"excerpt":{"rendered":"","protected":false},"author":1,"featured_media":0,"parent":0,"menu_order":0,"comment_status":"closed","ping_status":"closed","template":"","meta":{"inline_featured_image":false,"footnotes":""},"_links":{"self":[{"href":"https:\/\/cr3.it\/cippato\/wp-json\/wp\/v2\/pages\/185"}],"collection":[{"href":"https:\/\/cr3.it\/cippato\/wp-json\/wp\/v2\/pages"}],"about":[{"href":"https:\/\/cr3.it\/cippato\/wp-json\/wp\/v2\/types\/page"}],"author":[{"embeddable":true,"href":"https:\/\/cr3.it\/cippato\/wp-json\/wp\/v2\/users\/1"}],"replies":[{"embeddable":true,"href":"https:\/\/cr3.it\/cippato\/wp-json\/wp\/v2\/comments?post=185"}],"version-history":[{"count":31,"href":"https:\/\/cr3.it\/cippato\/wp-json\/wp\/v2\/pages\/185\/revisions"}],"predecessor-version":[{"id":469,"href":"https:\/\/cr3.it\/cippato\/wp-json\/wp\/v2\/pages\/185\/revisions\/469"}],"wp:attachment":[{"href":"https:\/\/cr3.it\/cippato\/wp-json\/wp\/v2\/media?parent=185"}],"curies":[{"name":"wp","href":"https:\/\/api.w.org\/{rel}","templated":true}]}}