{"id":6,"date":"2017-02-22T11:11:02","date_gmt":"2017-02-22T10:11:02","guid":{"rendered":"http:\/\/cr3.it\/cippato\/?page_id=6"},"modified":"2021-12-22T10:21:40","modified_gmt":"2021-12-22T09:21:40","slug":"cippato-essiccato","status":"publish","type":"page","link":"https:\/\/cr3.it\/cippato\/","title":{"rendered":"Cippato Essiccato"},"content":{"rendered":"<section class=\"l-section wpb_row height_auto\"><div class=\"l-section-h i-cf\"><div class=\"g-cols vc_row via_grid cols_1 laptops-cols_inherit tablets-cols_inherit mobiles-cols_1 valign_middle type_default stacking_default\"><div class=\"wpb_column vc_column_container\"><div class=\"vc_column-inner\">[rev_slider_vc alias=&#8221;home&#8221;]<\/div><\/div><\/div><\/div><\/section><section class=\"l-section wpb_row height_medium\"><div class=\"l-section-h i-cf\"><div class=\"g-cols vc_row via_grid cols_2 laptops-cols_inherit tablets-cols_inherit mobiles-cols_1 valign_top type_default stacking_default\"><div class=\"wpb_column vc_column_container us_custom_1d22cd7e us_animate_this has_bg_color\"><div class=\"vc_column-inner\"><div class=\"wpb_text_column\"><div class=\"wpb_wrapper\"><h1><strong>Cippato essiccato<\/strong><\/h1>\n<h2>PI\u00d9 RESA CON <span class=\"verde\">MENO SPESA<\/span>.<\/h2>\n<h2>TI SEI MAI FATTO CERTIFICARE<br \/>\nL\u2019UMIDIT\u00c0 DEL CIPPATO CHE COMPRI ?<\/h2>\n<\/div><\/div><div class=\"w-btn-wrapper align_none\"><a class=\"w-btn us-btn-style_3 us_custom_80a192e9\" href=\"http:\/\/cr3.it\/cippato\/contatti\/\"><span class=\"w-btn-label\">Chiedi un preventivo<\/span><\/a><\/div><\/div><\/div><div class=\"wpb_column vc_column_container\"><div class=\"vc_column-inner\"><div class=\"wpb_text_column giustifica\"><div class=\"wpb_wrapper\"><p>CR3 pone sul mercato un <strong>cippato di legno vergine<\/strong> lavorato, vagliato ed essiccato presso l\u2019impianto di Pieve di Bono (TN). L&#8217;area interamente dedicata alla produzione di cippato di prima lavorazione \u00e8 coperta e pavimentata in modo da garantire adeguato stoccaggio della materia prima, adeguati spazi per la movimentazione dei prodotti, sistema di essiccazione, vagliatura e stoccaggio del prodotto finito al coperto.<\/p>\n<p>Per soddisfare le esigenze del cliente si produce ed immette sul mercato cippato di legno classe A1 e A2.<br \/>\nTronchi e legna di prima lavorazione vengono trasformati in cippato di legno di alta qualit\u00e0 dal nostro cippatore HEM 561. Importante ed essenziale \u00e8 la successiva fase di asciugatura nel nostro impianto di essiccazione e successivamente vagliato cos\u00ec da garantire il top della gamma.<\/p>\n<p>L&#8217;impianto del cliente in questo modo avr\u00e0 una resa calorica maggiore rispetto al cippato da segheria o tagliato in bosco e un <strong>notevole risparmio sul prezzo<\/strong> di acquisto del pellet, considerando anche i risparmi su un pi\u00f9 lungo utilizzo della caldaia, minori manutenzioni e minori immissioni di fumi in atmosfera.<\/p>\n<h4><strong>Sostenibilit\u00e0 ambientale del prodotto<\/strong><\/h4>\n<p>Ogni produttore o distributore certificato deve garantire ed immettere in commercio un biocombustibile legnoso ottenuto da un ciclo produttivo in grado di generare un risparmio di emissioni di CO2 equivalente almeno pari al 70% rispetto a quello prodotto del gas naturale, a parit\u00e0 di energia producibile. tale valore viene garantito dal monitoraggio e controllo delle operazioni che portano all&#8217;ottenimento del prodotto.<\/p>\n<h4><strong>Qualit\u00e0 del prodotto e del processo<\/strong><\/h4>\n<p>I produttori e i distributori devono rispettare la qualit\u00e0 del prodotto certificata in classe A1+, A1, A2 o B, in conformit\u00e0 a quanto previsto dalla Norma ISO 17225.<\/p>\n<p>La qualit\u00e0 del prodotto e del processo di produzione viene controllata attraverso verifiche periodiche dell&#8217;organismo di certificazione e attraverso un piano di controllo di qualit\u00e0 all&#8217;interno dell&#8217;azienda.<\/p>\n<h4><strong>Tracciabilit\u00e0 e legalit\u00e0<\/strong><\/h4>\n<p>Lo schema prevede l&#8217;obbligo dell&#8217;adozione di un sistema di tracciabilit\u00e0 e di dovuta diligenza del materiale, come previsto dal Regolamento EUTR 995\/2010 (Timber Regulation).<\/p>\n<p>Il sistema di tracciabilit\u00e0 adottato dalla nostra azienda consente di identificare le diverse fasi del processo produttivo e i fattori di rischio che potrebbero influenzare la qualit\u00e0 del prodotto.<\/p>\n<\/div><\/div><\/div><\/div><\/div><\/div><\/section><section class=\"l-section wpb_row height_medium\"><div class=\"l-section-h i-cf\"><div class=\"g-cols vc_row via_grid cols_1 laptops-cols_inherit tablets-cols_inherit mobiles-cols_1 valign_top type_default stacking_default\"><div class=\"wpb_column vc_column_container\"><div class=\"vc_column-inner\"><div class=\"g-cols wpb_row via_grid cols_2 laptops-cols_inherit tablets-cols_inherit mobiles-cols_1 valign_top type_default stacking_default\" style=\"--gap:3rem;\"><div class=\"wpb_column vc_column_container\"><div class=\"vc_column-inner\"><div class=\"wpb_text_column\"><div class=\"wpb_wrapper\"><h2>&#8211; LA TUA CALDAIA <span class=\"verde\">VIVE DI PIU&#8217;<\/span><br \/>\n&#8211; MENO EMISSIONI IN ATMOSFERA<\/h2>\n<\/div><\/div><\/div><\/div><div class=\"wpb_column vc_column_container\"><div class=\"vc_column-inner\"><\/div><\/div><\/div><div class=\"w-image align_center us_animate_afc\" style=\"animation-delay:0.2s\"><div class=\"w-image-h\"><img loading=\"lazy\" decoding=\"async\" width=\"1024\" height=\"1024\" src=\"https:\/\/cr3.it\/cippato\/wp-content\/uploads\/2017\/02\/disegno.svg\" class=\"attachment-large size-large\" alt=\"\" \/><\/div><\/div><\/div><\/div><\/div><\/div><\/section>\n","protected":false},"excerpt":{"rendered":"[rev_slider_vc alias=\"home\"]Cippato essiccato PI\u00d9 RESA CON MENO SPESA. TI SEI MAI FATTO CERTIFICARE L\u2019UMIDIT\u00c0 DEL CIPPATO CHE COMPRI ? Chiedi un preventivoCR3 pone sul mercato un cippato di legno vergine lavorato, vagliato ed essiccato presso l\u2019impianto di Pieve di Bono (TN). L&#8217;area interamente dedicata alla produzione di cippato di prima lavorazione \u00e8 coperta e pavimentata...","protected":false},"author":1,"featured_media":0,"parent":0,"menu_order":0,"comment_status":"closed","ping_status":"closed","template":"","meta":{"inline_featured_image":false,"footnotes":""},"_links":{"self":[{"href":"https:\/\/cr3.it\/cippato\/wp-json\/wp\/v2\/pages\/6"}],"collection":[{"href":"https:\/\/cr3.it\/cippato\/wp-json\/wp\/v2\/pages"}],"about":[{"href":"https:\/\/cr3.it\/cippato\/wp-json\/wp\/v2\/types\/page"}],"author":[{"embeddable":true,"href":"https:\/\/cr3.it\/cippato\/wp-json\/wp\/v2\/users\/1"}],"replies":[{"embeddable":true,"href":"https:\/\/cr3.it\/cippato\/wp-json\/wp\/v2\/comments?post=6"}],"version-history":[{"count":77,"href":"https:\/\/cr3.it\/cippato\/wp-json\/wp\/v2\/pages\/6\/revisions"}],"predecessor-version":[{"id":465,"href":"https:\/\/cr3.it\/cippato\/wp-json\/wp\/v2\/pages\/6\/revisions\/465"}],"wp:attachment":[{"href":"https:\/\/cr3.it\/cippato\/wp-json\/wp\/v2\/media?parent=6"}],"curies":[{"name":"wp","href":"https:\/\/api.w.org\/{rel}","templated":true}]}}